{"id":282,"date":"2018-07-16T14:33:01","date_gmt":"2018-07-16T14:33:01","guid":{"rendered":"http:\/\/konkurs-rogatka.sarp.warszawa.pl\/?page_id=282"},"modified":"2019-12-14T10:55:26","modified_gmt":"2019-12-14T09:55:26","slug":"kryteria-oceny","status":"publish","type":"page","link":"https:\/\/konkurs-piaseczno-basen.sarp.warszawa.pl\/?page_id=282","title":{"rendered":"Kryteria oceny"},"content":{"rendered":"<p>Prace konkursowe oceniane b\u0119d\u0105 wed\u0142ug nast\u0119puj\u0105cych r\u00f3wnowa\u017cnych w swojej kategorii kryteri\u00f3w:<\/p>\n<p><strong>a) atrakcyjno\u015b\u0107, nowatorstwo i oryginalno\u015b\u0107 rozwi\u0105za\u0144 architektonicznych budynku basenu krytego i zagospodarowania terenu w tym basen\u00f3w odkrytych.<\/strong><\/p>\n<p><b>b) atrakcyjno\u015b\u0107 i trafno\u015b\u0107 rozwi\u0105za\u0144 funkcjonalno-u\u017cytkowych i przestrzennych budynku basenu krytego i zagospodarowania terenu w tym basen\u00f3w odkrytych.<\/b><\/p>\n<p><b>c) walory eksploatacyjne rozwi\u0105za\u0144 budynku basenu krytego i zagospodarowania terenu w tym basen\u00f3w odkrytych.<\/b><\/p>\n<p><b>d) realno\u015b\u0107 i ekonomika przyj\u0119tych rozwi\u0105za\u0144, szczeg\u00f3lnie w kontek\u015bcie koszt\u00f3w u\u017cytkowania w tym rozwi\u0105zania innowacyjne, proekologiczne i energooszcz\u0119dne.<\/b><\/p>\n<p><b>e) trafno\u015b\u0107 relacji przestrzennych i funkcjonalnych zaproponowanych w rozwi\u0105zaniach urbanistycznych cz\u0119\u015bci studialnej.<\/b><\/p>\n","protected":false},"excerpt":{"rendered":"<p>Prace konkursowe oceniane b\u0119d\u0105 wed\u0142ug nast\u0119puj\u0105cych r\u00f3wnowa\u017cnych w swojej kategorii kryteri\u00f3w: a) atrakcyjno\u015b\u0107, nowatorstwo i oryginalno\u015b\u0107 rozwi\u0105za\u0144 architektonicznych budynku basenu krytego i zagospodarowania terenu w tym basen\u00f3w odkrytych. b) atrakcyjno\u015b\u0107 i trafno\u015b\u0107 rozwi\u0105za\u0144 funkcjonalno-u\u017cytkowych i przestrzennych budynku basenu krytego i<span class=\"ellipsis\">&hellip;<\/span><\/p>\n<div class=\"read-more\"><a href=\"https:\/\/konkurs-piaseczno-basen.sarp.warszawa.pl\/?page_id=282\">Czytaj wi\u0119cej <span class=\"screen-reader-text\">Kryteria oceny<\/span><span class=\"meta-nav\"> &#8250;<\/span><\/a><\/div>\n<p><!-- end of .read-more --><\/p>\n","protected":false},"author":1,"featured_media":0,"parent":0,"menu_order":0,"comment_status":"closed","ping_status":"closed","template":"","meta":[],"_links":{"self":[{"href":"https:\/\/konkurs-piaseczno-basen.sarp.warszawa.pl\/index.php?rest_route=\/wp\/v2\/pages\/282"}],"collection":[{"href":"https:\/\/konkurs-piaseczno-basen.sarp.warszawa.pl\/index.php?rest_route=\/wp\/v2\/pages"}],"about":[{"href":"https:\/\/konkurs-piaseczno-basen.sarp.warszawa.pl\/index.php?rest_route=\/wp\/v2\/types\/page"}],"author":[{"embeddable":true,"href":"https:\/\/konkurs-piaseczno-basen.sarp.warszawa.pl\/index.php?rest_route=\/wp\/v2\/users\/1"}],"replies":[{"embeddable":true,"href":"https:\/\/konkurs-piaseczno-basen.sarp.warszawa.pl\/index.php?rest_route=%2Fwp%2Fv2%2Fcomments&post=282"}],"version-history":[{"count":3,"href":"https:\/\/konkurs-piaseczno-basen.sarp.warszawa.pl\/index.php?rest_route=\/wp\/v2\/pages\/282\/revisions"}],"predecessor-version":[{"id":441,"href":"https:\/\/konkurs-piaseczno-basen.sarp.warszawa.pl\/index.php?rest_route=\/wp\/v2\/pages\/282\/revisions\/441"}],"wp:attachment":[{"href":"https:\/\/konkurs-piaseczno-basen.sarp.warszawa.pl\/index.php?rest_route=%2Fwp%2Fv2%2Fmedia&parent=282"}],"curies":[{"name":"wp","href":"https:\/\/api.w.org\/{rel}","templated":true}]}}